{"id":10,"date":"2019-01-01T19:12:51","date_gmt":"2019-01-01T19:12:51","guid":{"rendered":"http:\/\/bm-bittl.de\/?page_id=10"},"modified":"2019-04-09T20:51:49","modified_gmt":"2019-04-09T20:51:49","slug":"verleih","status":"publish","type":"page","link":"https:\/\/bm-bittl.de\/index.php\/verleih\/","title":{"rendered":"Verleih"},"content":{"rendered":"<p><span style=\"color: #ff6600;\"><strong>Technische Daten<\/strong><\/span><\/p>\n<p>&nbsp;<\/p>\n<p><strong><u>Volvo Minibagger \u00a0\u00a0ECR25D<\/u><\/strong><\/p>\n<p>Leistung:\u00a0\u00a0\u00a0\u00a0\u00a0\u00a0\u00a0\u00a0\u00a0\u00a0\u00a0\u00a0\u00a0\u00a0\u00a0\u00a0\u00a0\u00a0\u00a0\u00a0\u00a0\u00a0\u00a0\u00a0\u00a0\u00a0\u00a0\u00a0\u00a0\u00a0 15,6KW\/20,9PS<\/p>\n<p>Betriebsgewicht:\u00a0\u00a0\u00a0\u00a0\u00a0\u00a0\u00a0\u00a0\u00a0\u00a0\u00a0\u00a0\u00a0\u00a0 \u00a0\u00a0\u00a0\u00a0\u00a0 2700kg<\/p>\n<p>Abma\u00dfe:\u00a0 \u00a0\u00a0\u00a0\u00a0\u00a0\u00a0\u00a0\u00a0\u00a0\u00a0\u00a0\u00a0\u00a0\u00a0\u00a0\u00a0\u00a0\u00a0\u00a0\u00a0\u00a0\u00a0\u00a0\u00a0\u00a0\u00a0\u00a0\u00a0 L\u00e4nge 4045mm<\/p>\n<p><span style=\"color: #ffffff;\">&#8230;&#8230;&#8230;&#8230;&#8230;&#8230;&#8230;&#8230;&#8230;&#8230;&#8230;&#8230;&#8230;&#8230;&#8230;&#8230;<\/span>Breite1550mm<\/p>\n<p><span style=\"color: #ffffff;\">&#8230;&#8230;&#8230;&#8230;&#8230;&#8230;&#8230;&#8230;&#8230;&#8230;&#8230;&#8230;&#8230;&#8230;&#8230;&#8230;<\/span>H\u00f6he 2537mm<\/p>\n<p>Maximale Aussch\u00fctth\u00f6he: \u00a0\u00a0\u00a0\u00a0\u00a0\u00a0 2957mm<\/p>\n<p>Grabtiefe: \u00a0\u00a0\u00a0\u00a0\u00a0\u00a0\u00a0\u00a0\u00a0\u00a0\u00a0\u00a0\u00a0\u00a0\u00a0\u00a0\u00a0\u00a0\u00a0\u00a0\u00a0\u00a0\u00a0\u00a0\u00a0\u00a0\u00a0\u00a0 2761mm<\/p>\n<p>&nbsp;<\/p>\n<p><strong><u>Anbauger\u00e4te:<\/u><\/strong><\/p>\n<p>&nbsp;<\/p>\n<p>Sortiergreifer<\/p>\n<p>Tiefl\u00f6ffel mit Z\u00e4hne: \u00a0\u00a0\u00a0\u00a0\u00a0\u00a0\u00a0\u00a0\u00a0\u00a0\u00a0\u00a0\u00a0 30cm, 60cm<\/p>\n<p>Grabenl\u00f6ffel: \u00a0\u00a0\u00a0\u00a0\u00a0\u00a0\u00a0\u00a0\u00a0\u00a0\u00a0\u00a0\u00a0\u00a0\u00a0\u00a0\u00a0\u00a0\u00a0\u00a0\u00a0\u00a0\u00a0 20cm<\/p>\n<p>Hydraulikhammer<\/p>\n<p>______________________________________________________<\/p>\n<p><strong><span style=\"color: #ff6600;\">Technische Daten<\/span> <\/strong><\/p>\n<p>&nbsp;<\/p>\n<p><strong><u>Weber Vibrationsstampfer \u00a0\u00a0SRV 590 <\/u><\/strong><\/p>\n<p><strong>\u00a0<\/strong><\/p>\n<p>Antrieb:<strong> \u00a0\u00a0\u00a0 <\/strong>\u00a0\u00a0\u00a0\u00a0\u00a0\u00a0\u00a0\u00a0\u00a0\u00a0\u00a0\u00a0\u00a0\u00a0\u00a0\u00a0\u00a0\u00a0\u00a0\u00a0\u00a0\u00a0\u00a0\u00a0\u00a0\u00a0\u00a0 Benzin<\/p>\n<p>Einsatzgewicht: \u00a0\u00a0\u00a0\u00a0\u00a0\u00a0\u00a0\u00a0\u00a0\u00a0\u00a0\u00a0\u00a0\u00a0\u00a0\u00a0\u00a0\u00a0\u00a0\u00a0 62 kg<\/p>\n<p>Arbeitsbreite:\u00a0\u00a0\u00a0\u00a0\u00a0\u00a0\u00a0\u00a0\u00a0\u00a0\u00a0\u00a0\u00a0\u00a0\u00a0\u00a0\u00a0\u00a0\u00a0\u00a0\u00a0\u00a0\u00a0\u00a0 28 cm<\/p>\n<p>Motorleistung\u00a0\u00a0\u00a0\u00a0\u00a0\u00a0\u00a0\u00a0\u00a0\u00a0\u00a0\u00a0\u00a0\u00a0\u00a0\u00a0\u00a0\u00a0\u00a0\u00a0\u00a0\u00a0\u00a0\u00a0 1.8 kW \/ 2.5 PS<\/p>\n<p>Schlagzahl:\u00a0\u00a0\u00a0\u00a0\u00a0\u00a0\u00a0\u00a0\u00a0\u00a0\u00a0\u00a0\u00a0\u00a0\u00a0\u00a0\u00a0\u00a0\u00a0\u00a0\u00a0\u00a0\u00a0\u00a0\u00a0\u00a0\u00a0 max. 1\/min 700<\/p>\n<p>Schlagkraft:\u00a0\u00a0\u00a0\u00a0\u00a0\u00a0\u00a0\u00a0\u00a0\u00a0\u00a0\u00a0\u00a0\u00a0\u00a0\u00a0\u00a0\u00a0\u00a0\u00a0\u00a0\u00a0\u00a0\u00a0\u00a0\u00a0 18.3 kN<\/p>\n<p>______________________________________________________<\/p>\n<p><strong><span style=\"color: #ff6600;\">Technische Daten<\/span> <\/strong><\/p>\n<p>&nbsp;<\/p>\n<p><strong><u>R\u00fcttelplatte\u00a0 \u00a0Baumax <\/u><\/strong><\/p>\n<p>&nbsp;<\/p>\n<p>Antrieb: \u00a0\u00a0\u00a0\u00a0\u00a0\u00a0\u00a0\u00a0\u00a0\u00a0\u00a0\u00a0\u00a0\u00a0\u00a0\u00a0\u00a0\u00a0\u00a0\u00a0\u00a0\u00a0\u00a0\u00a0\u00a0\u00a0\u00a0\u00a0\u00a0\u00a0\u00a0 Benzin<\/p>\n<p>Einsatzgewicht:\u00a0\u00a0\u00a0\u00a0\u00a0\u00a0\u00a0\u00a0\u00a0\u00a0\u00a0\u00a0\u00a0\u00a0\u00a0\u00a0\u00a0\u00a0\u00a0\u00a0\u00a0 135 kg<\/p>\n<p>Arbeitsbreite:\u00a0\u00a0\u00a0\u00a0\u00a0\u00a0\u00a0\u00a0\u00a0\u00a0\u00a0\u00a0\u00a0\u00a0\u00a0\u00a0\u00a0\u00a0\u00a0\u00a0\u00a0\u00a0\u00a0\u00a0 50 cm<\/p>\n<p>Motorleistung:\u00a0\u00a0\u00a0\u00a0\u00a0\u00a0\u00a0\u00a0\u00a0\u00a0\u00a0\u00a0\u00a0\u00a0\u00a0\u00a0\u00a0\u00a0\u00a0\u00a0\u00a0\u00a0\u00a0 4.8 kW \/ 6.5 PS<\/p>\n<p>Vorw\u00e4rts u. R\u00fcckw\u00e4rtsgang<\/p>\n<p>27 kN, (ca. 2750kg )<\/p>\n<p>Tiefenwirkung: 35cm (je nach Bodenbeschaffenheit)<\/p>\n<p>Plattengr\u00f6\u00dfe:\u00a0 \u00a0 \u00a0 \u00a0\u00a0\u00a0\u00a0\u00a0\u00a0\u00a0\u00a0\u00a0\u00a0\u00a0\u00a0\u00a0\u00a0\u00a0\u00a0\u00a0\u00a0 (L x B 62cm x 40cm)<\/p>\n<p>Eine Gummimatte ist auch vorhanden f\u00fcr das Pflaster einr\u00fctteln.<\/p>\n<p>______________________________________________________<\/p>\n<p><strong><span style=\"color: #ff6600;\">Technische Daten<\/span> <\/strong><\/p>\n<p>&nbsp;<\/p>\n<p><strong><u>R\u00fcttelplatte \u00a0\u00a0\u00a0AVP 4920 von Ammann <\/u><\/strong><\/p>\n<p>&nbsp;<\/p>\n<p>Antrieb:\u00a0\u00a0\u00a0\u00a0\u00a0\u00a0\u00a0\u00a0\u00a0\u00a0\u00a0\u00a0\u00a0\u00a0\u00a0\u00a0\u00a0\u00a0\u00a0\u00a0\u00a0\u00a0\u00a0\u00a0\u00a0\u00a0\u00a0\u00a0\u00a0\u00a0\u00a0\u00a0 Diesel<\/p>\n<p>Einsatzgewicht:\u00a0\u00a0\u00a0\u00a0\u00a0\u00a0\u00a0\u00a0\u00a0\u00a0\u00a0\u00a0\u00a0\u00a0\u00a0\u00a0\u00a0\u00a0\u00a0\u00a0\u00a0 365 kg<\/p>\n<p>Arbeitsbreite:\u00a0\u00a0\u00a0\u00a0\u00a0\u00a0\u00a0\u00a0\u00a0\u00a0\u00a0\u00a0\u00a0\u00a0\u00a0\u00a0\u00a0\u00a0\u00a0\u00a0\u00a0\u00a0\u00a0\u00a0 50 \/ 60 cm<\/p>\n<p>Motorleistung:\u00a0\u00a0\u00a0\u00a0\u00a0\u00a0\u00a0\u00a0\u00a0\u00a0\u00a0\u00a0\u00a0\u00a0\u00a0\u00a0\u00a0\u00a0\u00a0\u00a0\u00a0\u00a0\u00a0 6.6 kW \/ 9 PS<\/p>\n<p>Vorw\u00e4rts u. R\u00fcckw\u00e4rtsgang<\/p>\n<p>49 kN, Frequenz: 65 Hz<\/p>\n<p>Tiefenwirkung: ca. 600 mm (je nach Bodenbeschaffenheit)<\/p>\n<p>Arbeitsgeschwindigkeit: \u00a0\u00a0\u00a0 \u00a0\u00a0\u00a0 \u00a0 max. 30 m\/min,<\/p>\n<p>Fl\u00e4chenleistung: \u00a0\u00a0\u00a0\u00a0\u00a0\u00a0\u00a0\u00a0\u00a0\u00a0\u00a0\u00a0\u00a0\u00a0\u00a0\u00a0\u00a0\u00a0\u00a0 max. ca. 810 m\u00b2\/h<\/p>\n<p>______________________________________________________<\/p>\n<p><span style=\"color: #ff6600;\"><strong>Technische Daten<\/strong><\/span><\/p>\n<p>&nbsp;<\/p>\n<p><strong><u>Bautrockner<\/u><\/strong><\/p>\n<p>&nbsp;<\/p>\n<p>Spannung: \u00a0 \u00a0 \u00a0 \u00a0 \u00a0 \u00a0 \u00a0\u00a0\u00a0 \u00a0 \u00a0 \u00a0 \u00a0 \u00a0 \u00a0 230V \/ 50Hz<\/p>\n<p>Maximale Leistungsaufnahme: 1000W (4.5 A)<\/p>\n<p>Entfeuchtungsleistung: \u00a0 \u00a0 \u00a0 \u00a0 \u00a0\u00a0 (30C,80%) 60 Ltr.\/Tag<\/p>\n<p>Nennleistung:\u00a0\u00a0\u00a0\u00a0\u00a0\u00a0\u00a0\u00a0\u00a0\u00a0\u00a0\u00a0\u00a0\u00a0\u00a0\u00a0\u00a0\u00a0\u00a0\u00a0\u00a0\u00a0\u00a0\u00a0 860W (4.0 A)<\/p>\n<p>Luftumw\u00e4lzung:\u00a0\u00a0\u00a0\u00a0\u00a0\u00a0\u00a0\u00a0\u00a0\u00a0\u00a0\u00a0\u00a0\u00a0\u00a0\u00a0\u00a0\u00a0\u00a0\u00a0\u00a0 ca. 200 m3\/h<\/p>\n<p>Abmessung ca (H\/B\/T): \u00a0 \u00a0 \u00a0 \u00a0\u00a0\u00a0 850 x 430 x 530 mm<\/p>\n<p>Gewicht ca:\u00a0\u00a0\u00a0\u00a0\u00a0\u00a0\u00a0\u00a0\u00a0\u00a0\u00a0\u00a0\u00a0\u00a0\u00a0\u00a0\u00a0\u00a0\u00a0\u00a0\u00a0\u00a0\u00a0\u00a0\u00a0\u00a0\u00a0 35 kg<\/p>\n<p>K\u00fchlmittel:\u00a0\u00a0\u00a0\u00a0\u00a0\u00a0\u00a0\u00a0\u00a0\u00a0\u00a0\u00a0\u00a0\u00a0\u00a0\u00a0\u00a0\u00a0\u00a0\u00a0\u00a0\u00a0\u00a0\u00a0\u00a0\u00a0\u00a0\u00a0 R410A \/ 460g<\/p>\n<p>Einsatzbereich:\u00a0\u00a0\u00a0\u00a0\u00a0\u00a0\u00a0\u00a0\u00a0\u00a0\u00a0\u00a0\u00a0\u00a0\u00a0\u00a0\u00a0\u00a0\u00a0\u00a0\u00a0\u00a0 5\u00b0C &#8211; 32\u00b0C<\/p>\n<p>______________________________________________________<\/p>\n","protected":false},"excerpt":{"rendered":"<p>Technische Daten &nbsp; Volvo Minibagger \u00a0\u00a0ECR25D Leistung:\u00a0\u00a0\u00a0\u00a0\u00a0\u00a0\u00a0\u00a0\u00a0\u00a0\u00a0\u00a0\u00a0\u00a0\u00a0\u00a0\u00a0\u00a0\u00a0\u00a0\u00a0\u00a0\u00a0\u00a0\u00a0\u00a0\u00a0\u00a0\u00a0\u00a0 15,6KW\/20,9PS Betriebsgewicht:\u00a0\u00a0\u00a0\u00a0\u00a0\u00a0\u00a0\u00a0\u00a0\u00a0\u00a0\u00a0\u00a0\u00a0 \u00a0\u00a0\u00a0\u00a0\u00a0 2700kg Abma\u00dfe:\u00a0 \u00a0\u00a0\u00a0\u00a0\u00a0\u00a0\u00a0\u00a0\u00a0\u00a0\u00a0\u00a0\u00a0\u00a0\u00a0\u00a0\u00a0\u00a0\u00a0\u00a0\u00a0\u00a0\u00a0\u00a0\u00a0\u00a0\u00a0\u00a0 L\u00e4nge 4045mm &#8230;&#8230;&#8230;&#8230;&#8230;&#8230;&#8230;&#8230;&#8230;&#8230;&#8230;&#8230;&#8230;&#8230;&#8230;&#8230;Breite1550mm &#8230;&#8230;&#8230;&#8230;&#8230;&#8230;&#8230;&#8230;&#8230;&#8230;&#8230;&#8230;&#8230;&#8230;&#8230;&#8230;H\u00f6he 2537mm Maximale Aussch\u00fctth\u00f6he: \u00a0\u00a0\u00a0\u00a0\u00a0\u00a0 2957mm Grabtiefe: \u00a0\u00a0\u00a0\u00a0\u00a0\u00a0\u00a0\u00a0\u00a0\u00a0\u00a0\u00a0\u00a0\u00a0\u00a0\u00a0\u00a0\u00a0\u00a0\u00a0\u00a0\u00a0\u00a0\u00a0\u00a0\u00a0\u00a0\u00a0 2761mm &nbsp; Anbauger\u00e4te: &nbsp; Sortiergreifer Tiefl\u00f6ffel mit Z\u00e4hne: \u00a0\u00a0\u00a0\u00a0\u00a0\u00a0\u00a0\u00a0\u00a0\u00a0\u00a0\u00a0\u00a0 30cm, 60cm Grabenl\u00f6ffel: \u00a0\u00a0\u00a0\u00a0\u00a0\u00a0\u00a0\u00a0\u00a0\u00a0\u00a0\u00a0\u00a0\u00a0\u00a0\u00a0\u00a0\u00a0\u00a0\u00a0\u00a0\u00a0\u00a0 20cm Hydraulikhammer ______________________________________________________ Technische Daten &nbsp; Weber Vibrationsstampfer \u00a0\u00a0SRV 590 \u00a0 Antrieb: \u00a0\u00a0\u00a0 \u00a0\u00a0\u00a0\u00a0\u00a0\u00a0\u00a0\u00a0\u00a0\u00a0\u00a0\u00a0\u00a0\u00a0\u00a0\u00a0\u00a0\u00a0\u00a0\u00a0\u00a0\u00a0\u00a0\u00a0\u00a0\u00a0\u00a0 Benzin Einsatzgewicht: \u00a0\u00a0\u00a0\u00a0\u00a0\u00a0\u00a0\u00a0\u00a0\u00a0\u00a0\u00a0\u00a0\u00a0\u00a0\u00a0\u00a0\u00a0\u00a0\u00a0 62 [&hellip;]<\/p>\n","protected":false},"author":3,"featured_media":0,"parent":0,"menu_order":0,"comment_status":"closed","ping_status":"closed","template":"","meta":{"footnotes":""},"class_list":["post-10","page","type-page","status-publish","hentry"],"_links":{"self":[{"href":"https:\/\/bm-bittl.de\/index.php\/wp-json\/wp\/v2\/pages\/10","targetHints":{"allow":["GET"]}}],"collection":[{"href":"https:\/\/bm-bittl.de\/index.php\/wp-json\/wp\/v2\/pages"}],"about":[{"href":"https:\/\/bm-bittl.de\/index.php\/wp-json\/wp\/v2\/types\/page"}],"author":[{"embeddable":true,"href":"https:\/\/bm-bittl.de\/index.php\/wp-json\/wp\/v2\/users\/3"}],"replies":[{"embeddable":true,"href":"https:\/\/bm-bittl.de\/index.php\/wp-json\/wp\/v2\/comments?post=10"}],"version-history":[{"count":9,"href":"https:\/\/bm-bittl.de\/index.php\/wp-json\/wp\/v2\/pages\/10\/revisions"}],"predecessor-version":[{"id":156,"href":"https:\/\/bm-bittl.de\/index.php\/wp-json\/wp\/v2\/pages\/10\/revisions\/156"}],"wp:attachment":[{"href":"https:\/\/bm-bittl.de\/index.php\/wp-json\/wp\/v2\/media?parent=10"}],"curies":[{"name":"wp","href":"https:\/\/api.w.org\/{rel}","templated":true}]}}