{"id":405,"date":"2022-03-29T14:35:09","date_gmt":"2022-03-29T14:35:09","guid":{"rendered":"https:\/\/bm-bittl.de\/?page_id=405"},"modified":"2022-03-29T14:41:56","modified_gmt":"2022-03-29T14:41:56","slug":"bagger-ac25uf","status":"publish","type":"page","link":"https:\/\/bm-bittl.de\/index.php\/bagger-ac25uf\/","title":{"rendered":"Bagger AC25UF"},"content":{"rendered":"<div class=\"wc-gallery\"><div id='gallery-1' data-gutter-width='5' data-columns='3' class='gallery wc-gallery-captions-onhover gallery-link-file gallery-masonry galleryid-405 gallery-columns-3 gallery-size-thumbnail wc-gallery-bottomspace-default wc-gallery-clear'><div class='gallery-item gallery-item-position-1 gallery-item-attachment-400'>\n\t\t\t\t<div class='gallery-icon landscape'>\n\t\t\t\t\t<a href='https:\/\/bm-bittl.de\/wp-content\/uploads\/2022\/03\/Atlas2-1024x766.jpg' title='Atlas2' target='_self'><img loading=\"lazy\" decoding=\"async\" width=\"150\" height=\"150\" src=\"https:\/\/bm-bittl.de\/wp-content\/uploads\/2022\/03\/Atlas2-150x150.jpg\" class=\"attachment-thumbnail size-thumbnail\" alt=\"\" srcset=\"https:\/\/bm-bittl.de\/wp-content\/uploads\/2022\/03\/Atlas2-150x150.jpg 150w, https:\/\/bm-bittl.de\/wp-content\/uploads\/2022\/03\/Atlas2-48x48.jpg 48w, https:\/\/bm-bittl.de\/wp-content\/uploads\/2022\/03\/Atlas2-300x300.jpg 300w\" sizes=\"auto, (max-width: 150px) 100vw, 150px\" \/><\/a>\n\t\t\t\t<\/div><\/div><div class='gallery-item gallery-item-position-2 gallery-item-attachment-399'>\n\t\t\t\t<div class='gallery-icon portrait'>\n\t\t\t\t\t<a href='https:\/\/bm-bittl.de\/wp-content\/uploads\/2022\/03\/Atlas1-766x1024.jpg' title='Atlas1' target='_self'><img loading=\"lazy\" decoding=\"async\" width=\"150\" height=\"150\" src=\"https:\/\/bm-bittl.de\/wp-content\/uploads\/2022\/03\/Atlas1-150x150.jpg\" class=\"attachment-thumbnail size-thumbnail\" alt=\"\" srcset=\"https:\/\/bm-bittl.de\/wp-content\/uploads\/2022\/03\/Atlas1-150x150.jpg 150w, https:\/\/bm-bittl.de\/wp-content\/uploads\/2022\/03\/Atlas1-48x48.jpg 48w, https:\/\/bm-bittl.de\/wp-content\/uploads\/2022\/03\/Atlas1-300x300.jpg 300w\" sizes=\"auto, (max-width: 150px) 100vw, 150px\" \/><\/a>\n\t\t\t\t<\/div><\/div><div class='gallery-item gallery-item-position-3 gallery-item-attachment-398'>\n\t\t\t\t<div class='gallery-icon portrait'>\n\t\t\t\t\t<a href='https:\/\/bm-bittl.de\/wp-content\/uploads\/2022\/03\/Atlas3-766x1024.jpg' title='Atlas3' target='_self'><img loading=\"lazy\" decoding=\"async\" width=\"150\" height=\"150\" src=\"https:\/\/bm-bittl.de\/wp-content\/uploads\/2022\/03\/Atlas3-150x150.jpg\" class=\"attachment-thumbnail size-thumbnail\" alt=\"\" srcset=\"https:\/\/bm-bittl.de\/wp-content\/uploads\/2022\/03\/Atlas3-150x150.jpg 150w, https:\/\/bm-bittl.de\/wp-content\/uploads\/2022\/03\/Atlas3-48x48.jpg 48w, https:\/\/bm-bittl.de\/wp-content\/uploads\/2022\/03\/Atlas3-300x300.jpg 300w\" sizes=\"auto, (max-width: 150px) 100vw, 150px\" \/><\/a>\n\t\t\t\t<\/div><\/div><\/div>\n<\/div>\n<h1><span style=\"color: #ff6600;\"><strong>Technische Daten<\/strong><\/span><\/h1>\n<p>&nbsp;<\/p>\n<p><strong><u>Atlas Minibagger AC25UF<\/u><\/strong><\/p>\n<p><strong>Leistung:<\/strong> 15,6KW\/20,9PS<\/p>\n<p><strong>Betriebsgeweicht:<\/strong> 2700kg<\/p>\n<p><strong><u>Abma\u00dfe:\u00a0 <\/u><\/strong><\/p>\n<ul>\n<li>L\u00e4nge 4140mm<\/li>\n<li>Breite1500mm<\/li>\n<li>H\u00f6he 2455mm<\/li>\n<\/ul>\n<p><strong>Maximale Aussch\u00fctth\u00f6he:<\/strong> 3010mm<\/p>\n<p><strong>Grabtiefe max:<\/strong> 2840mm<\/p>\n<p><strong><u>Anbauger\u00e4te:<\/u><\/strong><\/p>\n<p><strong>Sortiergreifer<\/strong><\/p>\n<p><strong>Tiefl\u00f6ffel mit Z\u00e4hne:<\/strong> 30cm,50cm,60cm,70cm<\/p>\n<p><strong>Grabenl\u00f6ffel:<\/strong>100cm 120cm<\/p>\n<p><strong>Hydraulikhammer <\/strong><\/p>\n<p><strong>Hydraulischer Erdbohrer &#8211; Breiten: <\/strong><\/p>\n<p><strong>\u00d8 150, \u00d8 250, <\/strong><\/p>\n<p><strong>Hydraulischer Kegelspalter <\/strong><\/p>\n<p>&nbsp;<\/p>\n<p><strong><u>Besondere Vorteile <\/u><\/strong><\/p>\n<p>Das Arbeiten auf engsten Raum ist mit dem Kurzheckbagger problemlos m\u00f6glich. Der Atlas AC25 UF schwenkt innerhalb seiner Laufwerksbreite, und der Fahrer kann daher unbesorgt in der N\u00e4he von W\u00e4nden, anderen Bauten oder vielbefahrenen Stra\u00dfen arbeiten. Ger\u00e4umige, schallisolierte Vollsicht &#8211; Stahlkabine mit Kabinenheizung. Aufgrund der vorhandenen Fahrerkabine k\u00f6nnen Arbeiten auch bei widrigen Wetterverh\u00e4ltnissen durchgef\u00fchrt werden. Hohe Hubkr\u00e4fte und gute Standfestigkeit durch die langen Laufwerke, ebenfalls wird dadurch ein Aufschaukeln der Maschine verhindert. Kraftvolles und dennoch wendiges Ger\u00e4t welches aufgrund der Ger\u00e4tebreite von 1500 mm \u00fcber hervorragende Standsicherheit verf\u00fcgt<\/p>\n<p>&nbsp;<\/p>\n<p><strong><u>Einsatzbereich<\/u><\/strong><\/p>\n<p>Kraftvoller Minibagger, Kurzheckbagger, f\u00fcr ein breites Spektrum an Einsatzm\u00f6glichkeiten z.b. arbeiten auf engsten Raum da der Bagger nicht \u00fcber die Ketten dreht, des Weiteren sollte es sich bei den Bodenverh\u00e4ltnissen um leichte bis mittlere B\u00f6den handeln und die Grabtiefe sich \u00fcberwiegend in einem Bereich von max. 2840 mm Tiefe bewegen. Aufgrund der Breite von 1500 mm steht dieses Ger\u00e4t deutlich besser in unwegsamem Gel\u00e4nde oder in Hanglagen als kleinere Ger\u00e4te<\/p>\n","protected":false},"excerpt":{"rendered":"<p>Technische Daten &nbsp; Atlas Minibagger AC25UF Leistung: 15,6KW\/20,9PS Betriebsgeweicht: 2700kg Abma\u00dfe:\u00a0 L\u00e4nge 4140mm Breite1500mm H\u00f6he 2455mm Maximale Aussch\u00fctth\u00f6he: 3010mm Grabtiefe max: 2840mm Anbauger\u00e4te: Sortiergreifer Tiefl\u00f6ffel mit Z\u00e4hne: 30cm,50cm,60cm,70cm Grabenl\u00f6ffel:100cm 120cm Hydraulikhammer Hydraulischer Erdbohrer &#8211; Breiten: \u00d8 150, \u00d8 250, Hydraulischer Kegelspalter &nbsp; Besondere Vorteile Das Arbeiten auf engsten Raum ist mit dem Kurzheckbagger problemlos m\u00f6glich. [&hellip;]<\/p>\n","protected":false},"author":2,"featured_media":0,"parent":0,"menu_order":0,"comment_status":"closed","ping_status":"closed","template":"","meta":{"footnotes":""},"class_list":["post-405","page","type-page","status-publish","hentry"],"_links":{"self":[{"href":"https:\/\/bm-bittl.de\/index.php\/wp-json\/wp\/v2\/pages\/405","targetHints":{"allow":["GET"]}}],"collection":[{"href":"https:\/\/bm-bittl.de\/index.php\/wp-json\/wp\/v2\/pages"}],"about":[{"href":"https:\/\/bm-bittl.de\/index.php\/wp-json\/wp\/v2\/types\/page"}],"author":[{"embeddable":true,"href":"https:\/\/bm-bittl.de\/index.php\/wp-json\/wp\/v2\/users\/2"}],"replies":[{"embeddable":true,"href":"https:\/\/bm-bittl.de\/index.php\/wp-json\/wp\/v2\/comments?post=405"}],"version-history":[{"count":5,"href":"https:\/\/bm-bittl.de\/index.php\/wp-json\/wp\/v2\/pages\/405\/revisions"}],"predecessor-version":[{"id":412,"href":"https:\/\/bm-bittl.de\/index.php\/wp-json\/wp\/v2\/pages\/405\/revisions\/412"}],"wp:attachment":[{"href":"https:\/\/bm-bittl.de\/index.php\/wp-json\/wp\/v2\/media?parent=405"}],"curies":[{"name":"wp","href":"https:\/\/api.w.org\/{rel}","templated":true}]}}