{"id":491,"date":"2026-03-16T15:14:42","date_gmt":"2026-03-16T15:14:42","guid":{"rendered":"https:\/\/bm-bittl.de\/?page_id=491"},"modified":"2026-03-16T15:16:29","modified_gmt":"2026-03-16T15:16:29","slug":"bagger-ecr58f","status":"publish","type":"page","link":"https:\/\/bm-bittl.de\/index.php\/bagger-ecr58f\/","title":{"rendered":"Bagger ECR58F"},"content":{"rendered":"<p><img loading=\"lazy\" decoding=\"async\" class=\"alignnone size-medium wp-image-488\" src=\"https:\/\/bm-bittl.de\/wp-content\/uploads\/2026\/03\/Bagger-ECR58F-225x300.jpeg\" alt=\"\" width=\"225\" height=\"300\" srcset=\"https:\/\/bm-bittl.de\/wp-content\/uploads\/2026\/03\/Bagger-ECR58F-225x300.jpeg 225w, https:\/\/bm-bittl.de\/wp-content\/uploads\/2026\/03\/Bagger-ECR58F-768x1024.jpeg 768w, https:\/\/bm-bittl.de\/wp-content\/uploads\/2026\/03\/Bagger-ECR58F-1152x1536.jpeg 1152w, https:\/\/bm-bittl.de\/wp-content\/uploads\/2026\/03\/Bagger-ECR58F-250x333.jpeg 250w, https:\/\/bm-bittl.de\/wp-content\/uploads\/2026\/03\/Bagger-ECR58F-550x733.jpeg 550w, https:\/\/bm-bittl.de\/wp-content\/uploads\/2026\/03\/Bagger-ECR58F-800x1067.jpeg 800w, https:\/\/bm-bittl.de\/wp-content\/uploads\/2026\/03\/Bagger-ECR58F-135x180.jpeg 135w, https:\/\/bm-bittl.de\/wp-content\/uploads\/2026\/03\/Bagger-ECR58F-375x500.jpeg 375w, https:\/\/bm-bittl.de\/wp-content\/uploads\/2026\/03\/Bagger-ECR58F.jpeg 1536w\" sizes=\"auto, (max-width: 225px) 100vw, 225px\" \/><\/p>\n<h1><span style=\"color: #ff6600;\"><strong>Technische Daten<\/strong><\/span><\/h1>\n<p>&nbsp;<\/p>\n<p><strong><u>Volvo Minibagger ECR58F<\/u><\/strong><\/p>\n<p><strong>Leistung:<\/strong> 35KW\/47,6PS<\/p>\n<p><strong>Betriebsgeweicht:<\/strong> 5840kg<\/p>\n<p><strong><u>Abma\u00dfe:\u00a0 <\/u><\/strong><\/p>\n<ul>\n<li>L\u00e4nge 5193 mm<\/li>\n<li>Breite 2000 mm<\/li>\n<li>H\u00f6he 2540 mm<\/li>\n<\/ul>\n<p><strong>Maximale Aussch\u00fctth\u00f6he:<\/strong> 4171 mm<\/p>\n<p><strong>Grabtiefe:<\/strong> 3916 mm<\/p>\n<p><strong>Maximale Reichweite:<\/strong> 6391 mm<\/p>\n<p><strong>Auslegerverstellung:\u00a0<\/strong>Rechts 70\u00b0 links 60\u00b0<\/p>\n<p><strong>Fahrwerk:\u00a0<\/strong>Gummiketten<\/p>\n<p><strong>Kettenbreite:\u00a0<\/strong>400 mm<\/p>\n<p><strong>Bodendruck:\u00a0<\/strong>0,32 kg\/cm\u00b2<\/p>\n<p><strong>Schnellwechselsystem:\u00a0<\/strong>Lehnhoff<\/p>\n<p><strong>Tankinhalt:\u00a0<\/strong>70 Liter<\/p>\n<p>&nbsp;<\/p>\n<h2>Komfort und Leistung<\/h2>\n<p>Der ECR58F ist speziell auf maximalen Bedienerkomfort und hohe Leistung ausgelegt. Er ist extrem standsicher, verf\u00fcgt \u00fcber eine hohe Losbrech-, Rei\u00df- und Hubkraft und erm\u00f6glicht dadurch kurze Taktzeiten auch bei anspruchsvollsten Aufgaben. Flexibel anpassbare Hydraulikeinstellungen erm\u00f6glichen einen schnellen, einfachen Wechsel der Anbauger\u00e4te, so dass Sie bei diversen Arbeiten immer hervorragende Ergebnisse erzielen.<\/p>\n<p>&nbsp;<\/p>\n","protected":false},"excerpt":{"rendered":"<p>Technische Daten &nbsp; Volvo Minibagger ECR58F Leistung: 35KW\/47,6PS Betriebsgeweicht: 5840kg Abma\u00dfe:\u00a0 L\u00e4nge 5193 mm Breite 2000 mm H\u00f6he 2540 mm Maximale Aussch\u00fctth\u00f6he: 4171 mm Grabtiefe: 3916 mm Maximale Reichweite: 6391 mm Auslegerverstellung:\u00a0Rechts 70\u00b0 links 60\u00b0 Fahrwerk:\u00a0Gummiketten Kettenbreite:\u00a0400 mm Bodendruck:\u00a00,32 kg\/cm\u00b2 Schnellwechselsystem:\u00a0Lehnhoff Tankinhalt:\u00a070 Liter &nbsp; Komfort und Leistung Der ECR58F ist speziell auf maximalen Bedienerkomfort und [&hellip;]<\/p>\n","protected":false},"author":2,"featured_media":0,"parent":0,"menu_order":0,"comment_status":"closed","ping_status":"closed","template":"","meta":{"footnotes":""},"class_list":["post-491","page","type-page","status-publish","hentry"],"_links":{"self":[{"href":"https:\/\/bm-bittl.de\/index.php\/wp-json\/wp\/v2\/pages\/491","targetHints":{"allow":["GET"]}}],"collection":[{"href":"https:\/\/bm-bittl.de\/index.php\/wp-json\/wp\/v2\/pages"}],"about":[{"href":"https:\/\/bm-bittl.de\/index.php\/wp-json\/wp\/v2\/types\/page"}],"author":[{"embeddable":true,"href":"https:\/\/bm-bittl.de\/index.php\/wp-json\/wp\/v2\/users\/2"}],"replies":[{"embeddable":true,"href":"https:\/\/bm-bittl.de\/index.php\/wp-json\/wp\/v2\/comments?post=491"}],"version-history":[{"count":2,"href":"https:\/\/bm-bittl.de\/index.php\/wp-json\/wp\/v2\/pages\/491\/revisions"}],"predecessor-version":[{"id":495,"href":"https:\/\/bm-bittl.de\/index.php\/wp-json\/wp\/v2\/pages\/491\/revisions\/495"}],"wp:attachment":[{"href":"https:\/\/bm-bittl.de\/index.php\/wp-json\/wp\/v2\/media?parent=491"}],"curies":[{"name":"wp","href":"https:\/\/api.w.org\/{rel}","templated":true}]}}