{"id":82,"date":"2019-04-03T20:28:24","date_gmt":"2019-04-03T20:28:24","guid":{"rendered":"http:\/\/bm-bittl.de\/?page_id=82"},"modified":"2020-06-28T21:12:07","modified_gmt":"2020-06-28T21:12:07","slug":"anhaenger","status":"publish","type":"page","link":"https:\/\/bm-bittl.de\/index.php\/anhaenger\/","title":{"rendered":"Anh\u00e4nger"},"content":{"rendered":"<div class=\"wc-gallery\"><div id='gallery-1' data-gutter-width='5' data-columns='3' class='gallery wc-gallery-captions-onhover gallery-link-file gallery-masonry galleryid-82 gallery-columns-3 gallery-size-thumbnail wc-gallery-bottomspace-default wc-gallery-clear'><div class='gallery-item gallery-item-position-1 gallery-item-attachment-180'>\n\t\t\t\t<div class='gallery-icon landscape'>\n\t\t\t\t\t<a href='https:\/\/bm-bittl.de\/wp-content\/uploads\/2019\/06\/IMG_1619-1024x683.jpg' title='IMG_1619' target='_self'><img loading=\"lazy\" decoding=\"async\" width=\"150\" height=\"150\" src=\"https:\/\/bm-bittl.de\/wp-content\/uploads\/2019\/06\/IMG_1619-150x150.jpg\" class=\"attachment-thumbnail size-thumbnail\" alt=\"\" srcset=\"https:\/\/bm-bittl.de\/wp-content\/uploads\/2019\/06\/IMG_1619-150x150.jpg 150w, https:\/\/bm-bittl.de\/wp-content\/uploads\/2019\/06\/IMG_1619-48x48.jpg 48w, https:\/\/bm-bittl.de\/wp-content\/uploads\/2019\/06\/IMG_1619-300x300.jpg 300w\" sizes=\"auto, (max-width: 150px) 100vw, 150px\" \/><\/a>\n\t\t\t\t<\/div><\/div><div class='gallery-item gallery-item-position-2 gallery-item-attachment-181'>\n\t\t\t\t<div class='gallery-icon landscape'>\n\t\t\t\t\t<a href='https:\/\/bm-bittl.de\/wp-content\/uploads\/2019\/06\/IMG_1620-1024x683.jpg' title='IMG_1620' target='_self'><img loading=\"lazy\" decoding=\"async\" width=\"150\" height=\"150\" src=\"https:\/\/bm-bittl.de\/wp-content\/uploads\/2019\/06\/IMG_1620-150x150.jpg\" class=\"attachment-thumbnail size-thumbnail\" alt=\"\" srcset=\"https:\/\/bm-bittl.de\/wp-content\/uploads\/2019\/06\/IMG_1620-150x150.jpg 150w, https:\/\/bm-bittl.de\/wp-content\/uploads\/2019\/06\/IMG_1620-48x48.jpg 48w, https:\/\/bm-bittl.de\/wp-content\/uploads\/2019\/06\/IMG_1620-300x300.jpg 300w\" sizes=\"auto, (max-width: 150px) 100vw, 150px\" \/><\/a>\n\t\t\t\t<\/div><\/div><div class='gallery-item gallery-item-position-3 gallery-item-attachment-183'>\n\t\t\t\t<div class='gallery-icon landscape'>\n\t\t\t\t\t<a href='https:\/\/bm-bittl.de\/wp-content\/uploads\/2019\/06\/IMG_1692-1024x683.jpg' title='IMG_1692' target='_self'><img loading=\"lazy\" decoding=\"async\" width=\"150\" height=\"150\" src=\"https:\/\/bm-bittl.de\/wp-content\/uploads\/2019\/06\/IMG_1692-150x150.jpg\" class=\"attachment-thumbnail size-thumbnail\" alt=\"\" srcset=\"https:\/\/bm-bittl.de\/wp-content\/uploads\/2019\/06\/IMG_1692-150x150.jpg 150w, https:\/\/bm-bittl.de\/wp-content\/uploads\/2019\/06\/IMG_1692-48x48.jpg 48w, https:\/\/bm-bittl.de\/wp-content\/uploads\/2019\/06\/IMG_1692-300x300.jpg 300w\" sizes=\"auto, (max-width: 150px) 100vw, 150px\" \/><\/a>\n\t\t\t\t<\/div><\/div><div class='gallery-item gallery-item-position-4 gallery-item-attachment-184'>\n\t\t\t\t<div class='gallery-icon landscape'>\n\t\t\t\t\t<a href='https:\/\/bm-bittl.de\/wp-content\/uploads\/2019\/06\/IMG_1693-1024x683.jpg' title='IMG_1693' target='_self'><img loading=\"lazy\" decoding=\"async\" width=\"150\" height=\"150\" src=\"https:\/\/bm-bittl.de\/wp-content\/uploads\/2019\/06\/IMG_1693-150x150.jpg\" class=\"attachment-thumbnail size-thumbnail\" alt=\"\" srcset=\"https:\/\/bm-bittl.de\/wp-content\/uploads\/2019\/06\/IMG_1693-150x150.jpg 150w, https:\/\/bm-bittl.de\/wp-content\/uploads\/2019\/06\/IMG_1693-48x48.jpg 48w, https:\/\/bm-bittl.de\/wp-content\/uploads\/2019\/06\/IMG_1693-300x300.jpg 300w\" sizes=\"auto, (max-width: 150px) 100vw, 150px\" \/><\/a>\n\t\t\t\t<\/div><\/div><div class='gallery-item gallery-item-position-5 gallery-item-attachment-185'>\n\t\t\t\t<div class='gallery-icon landscape'>\n\t\t\t\t\t<a href='https:\/\/bm-bittl.de\/wp-content\/uploads\/2019\/06\/IMG_1694-1024x683.jpg' title='IMG_1694' target='_self'><img loading=\"lazy\" decoding=\"async\" width=\"150\" height=\"150\" src=\"https:\/\/bm-bittl.de\/wp-content\/uploads\/2019\/06\/IMG_1694-150x150.jpg\" class=\"attachment-thumbnail size-thumbnail\" alt=\"\" srcset=\"https:\/\/bm-bittl.de\/wp-content\/uploads\/2019\/06\/IMG_1694-150x150.jpg 150w, https:\/\/bm-bittl.de\/wp-content\/uploads\/2019\/06\/IMG_1694-48x48.jpg 48w, https:\/\/bm-bittl.de\/wp-content\/uploads\/2019\/06\/IMG_1694-300x300.jpg 300w\" sizes=\"auto, (max-width: 150px) 100vw, 150px\" \/><\/a>\n\t\t\t\t<\/div><\/div><\/div>\n<\/div>\n<p><span style=\"color: #ff6600;\"><strong>Technische Daten<\/strong><\/span><\/p>\n<p>&nbsp;<\/p>\n<p><span style=\"font-family: 'Arial','sans-serif';\">Dreiseiten Kipper Elektro Hydraulisch mit Handpumpe.<\/span><\/p>\n<p>Mit oder ohne Planenaufbau<\/p>\n<p><span style=\"font-family: 'Arial','sans-serif';\">Ma\u00dfe Breite: 187 L\u00e4nge: 360 Ladeh\u00f6he: 76 Bordwandh\u00f6he: 33<\/span><\/p>\n<p><span style=\"font-family: 'Arial','sans-serif';\">Achslast: 3500 kg<\/span><\/p>\n<p><span style=\"font-family: 'Arial','sans-serif';\">Maximale Beladung 3t<\/span><\/p>\n","protected":false},"excerpt":{"rendered":"<p>Technische Daten &nbsp; Dreiseiten Kipper Elektro Hydraulisch mit Handpumpe. Mit oder ohne Planenaufbau Ma\u00dfe Breite: 187 L\u00e4nge: 360 Ladeh\u00f6he: 76 Bordwandh\u00f6he: 33 Achslast: 3500 kg Maximale Beladung 3t<\/p>\n","protected":false},"author":2,"featured_media":0,"parent":0,"menu_order":0,"comment_status":"closed","ping_status":"closed","template":"","meta":{"footnotes":""},"class_list":["post-82","page","type-page","status-publish","hentry"],"_links":{"self":[{"href":"https:\/\/bm-bittl.de\/index.php\/wp-json\/wp\/v2\/pages\/82","targetHints":{"allow":["GET"]}}],"collection":[{"href":"https:\/\/bm-bittl.de\/index.php\/wp-json\/wp\/v2\/pages"}],"about":[{"href":"https:\/\/bm-bittl.de\/index.php\/wp-json\/wp\/v2\/types\/page"}],"author":[{"embeddable":true,"href":"https:\/\/bm-bittl.de\/index.php\/wp-json\/wp\/v2\/users\/2"}],"replies":[{"embeddable":true,"href":"https:\/\/bm-bittl.de\/index.php\/wp-json\/wp\/v2\/comments?post=82"}],"version-history":[{"count":8,"href":"https:\/\/bm-bittl.de\/index.php\/wp-json\/wp\/v2\/pages\/82\/revisions"}],"predecessor-version":[{"id":260,"href":"https:\/\/bm-bittl.de\/index.php\/wp-json\/wp\/v2\/pages\/82\/revisions\/260"}],"wp:attachment":[{"href":"https:\/\/bm-bittl.de\/index.php\/wp-json\/wp\/v2\/media?parent=82"}],"curies":[{"name":"wp","href":"https:\/\/api.w.org\/{rel}","templated":true}]}}